{"id":4682,"date":"2024-06-28T10:33:31","date_gmt":"2024-06-28T08:33:31","guid":{"rendered":"https:\/\/tiloulocation.com\/erwaehnt-legales-tilou-lage\/"},"modified":"2024-06-28T10:33:31","modified_gmt":"2024-06-28T08:33:31","slug":"erwaehnt-legales-tilou-lage","status":"publish","type":"page","link":"https:\/\/tiloulocation.com\/de\/erwaehnt-legales-tilou-lage\/","title":{"rendered":"Erw\u00e4hnt L\u00e9gales &#8211; Tilou Lage"},"content":{"rendered":"<div id=\"main-content\">\n<div class=\"thb-text\">\n<div class=\"wpb_column vc_column_container vc_col-sm-6\">\n<div class=\"vc_column-inner \">\n<div class=\"wpb_wrapper\">\n<div class=\"wpb_text_column wpb_content_element \">\n<div class=\"wpb_wrapper\">\n<h2>1.Vorstellung der Website.<\/h2>\n<p>Diese rechtlichen Hinweise gelten f\u00fcr <a href=\"https:\/\/tiloulocation.com\">https:\/\/www.tiloulocation.com<\/a>, den Hauptdomain-Namen, sowie f\u00fcr alle Subdomain-Sites, wie z.B. <a href=\"https:\/\/www.rental.tiloulocation.com\">https:\/\/www.rental.tiloulocation.com<\/a>, + den Domainnamen <a href=\"https:\/\/www.conciergerie-tiloulocation.fr\">https:\/\/www.conciergeritiloulocation.fr.<\/a><\/p>\n<p>Gem\u00e4\u00df Artikel 6 des Gesetzes Nr. 2004-575 vom 21. Juni 2004 \u00fcber das Vertrauen in die digitale Wirtschaft wird den Nutzern der Website <a href=\"https:\/\/tiloulocation.com\">https:\/\/www.tiloulocation.com<\/a> die Identit\u00e4t der verschiedenen Akteure im Rahmen der Durchf\u00fchrung und \u00dcberwachung mitgeteilt:<\/p>\n<p><strong>Eigent\u00fcmer: SAS ABEURA- 92481445200018 &#8211; 1737 ROUTE DE LA MADRAGUE 83400 HYERES<\/strong><br \/>\n<strong>Sch\u00f6pfer: SAS ABEURA<\/strong><br \/>\n<strong>Verantwortlicher Publikation:<\/strong> SAS ABEURA<br \/>\nDer Verantwortliche f\u00fcr die Ver\u00f6ffentlichung ist eine nat\u00fcrliche oder juristische Person.<br \/>\n<strong>Webmastering <\/strong>: <a href=\"http:\/\/altair-communication.fr\">Altair Communication<\/a><br \/>\n<strong>Gastgeber<\/strong>: OVH &#8211; 2 Rue Kellermann, 59100 Roubaix<br \/>\nCredits: Impressum wurde von Subdelirium Impressum <a href=\"http:\/\/www.subdelirium.com\/generateur-de-mentions-legales\/\" target=\"_blank\" rel=\"noopener\"> Generator erstellt und angeboten<\/a><\/p>\n<p>&nbsp;<\/p>\n<h2>2. Allgemeine Nutzungsbedingungen der Website und der angebotenen Dienstleistungen.<\/h2>\n<p>Mit der Nutzung der Website <a href=\"https:\/\/www.tiloulocation.com\">https:\/\/www.tiloulocation.com<\/a> erkl\u00e4ren Sie sich mit den nachfolgenden Nutzungsbedingungen einverstanden. Diese Nutzungsbedingungen k\u00f6nnen jederzeit ge\u00e4ndert oder erg\u00e4nzt werden. Benutzer der Website <a href=\"https:\/\/tiloulocation.com\">https:\/\/www.tiloulocation.com<\/a> werden daher gebeten, diese regelm\u00e4\u00dfig zu \u00fcberpr\u00fcfen.<\/p>\n<p>Diese Website ist normalerweise f\u00fcr Benutzer jederzeit zug\u00e4nglich. Eine Unterbrechung aus Gr\u00fcnden der technischen Wartung kann jedoch von SAS ABEURA beschlossen werden, die sich dann bem\u00fchen wird, den Benutzern die Daten und Zeiten des Eingriffs vorab mitzuteilen.<\/p>\n<p>Die Website <a href=\"https:\/\/tiloulocation.com\">https:\/\/www.tiloulocation.com<\/a> wird regelm\u00e4\u00dfig von SAS ABEURA aktualisiert. Ebenso k\u00f6nnen die rechtlichen Hinweise jederzeit ge\u00e4ndert werden: Sie sind jedoch f\u00fcr den Benutzer verbindlich, der aufgefordert wird, sich so oft wie m\u00f6glich darauf zu beziehen, um davon Kenntnis zu nehmen.<\/p>\n<p>&nbsp;<\/p>\n<h2>3. Beschreibung der erbrachten Leistungen.<\/h2>\n<p>Die Website <a href=\"https:\/\/tiloulocation.com\">https:\/\/www.tiloulocation.com<\/a> soll Informationen \u00fcber alle Aktivit\u00e4ten der Gesellschaft bereitstellen.<\/p>\n<p>SAS ABEURA bem\u00fcht sich, auf der Website <a href=\"https:\/\/tiloulocation.com\"> https:\/\/www.tiloulocation.com<\/a> m\u00f6glichst genaue Informationen bereitzustellen. Er kann jedoch nicht f\u00fcr Unterlassungen, Ungenauigkeiten und M\u00e4ngel bei der Aktualisierung verantwortlich gemacht werden, weder von ihm noch von Dritten, die ihm diese Informationen zur Verf\u00fcgung stellen.<\/p>\n<p>Alle Informationen auf der Website <a href=\"https:\/\/tiloulocation.com\">https:\/\/www.tiloulocation.com<\/a> dienen nur der Orientierung und k\u00f6nnen sich \u00e4ndern. Die Angaben auf <a href=\"https:\/\/tiloulocation.com\">https:\/\/www.tiloulocation.com<\/a> sind nicht vollst\u00e4ndig. Sie unterliegen \u00c4nderungen, die seit ihrer Online-Ver\u00f6ffentlichung vorgenommen wurden.<\/p>\n<p>&nbsp;<\/p>\n<\/div>\n<\/div>\n<\/div>\n<div class=\"wpb_wrapper\">\n<div class=\"wpb_text_column wpb_content_element \">\n<h2>4. Recht auf Widerruf.<\/h2>\n<p>Der Nutzer wird darauf hingewiesen, dass die auf der Website angebotenen Dienstleistungen gem\u00e4\u00df Artikel L.121-21-8\u00b0 des Verbrauchergesetzes nicht dem Widerrufsrecht gem\u00e4\u00df Artikel L121-21 und des Verbraucherschutzgesetzes f\u00fcr den Fernabsatz.<\/p>\n<p>Dementsprechend unterliegen die auf der Website gebuchten Dienstleistungen ausschlie\u00dflich den Stornierungs- und \u00c4nderungsbedingungen, die in diesen Bedingungen und\/oder in den Spezifischen Bedingungen der Drittanbieter vorgesehen sind.<\/p>\n<\/div>\n<p>&nbsp;<\/p>\n<div class=\"wpb_text_column wpb_content_element \">\n<div class=\"wpb_wrapper\">\n<p>5. Vertragliche Beschr\u00e4nkungen der technischen Daten.<\/p>\n<p>Die Website verwendet JavaScript-Technologie.<\/p>\n<p>Die Website haftet nicht f\u00fcr Sachsch\u00e4den im Zusammenhang mit der Nutzung der Website. Dar\u00fcber hinaus verpflichtet sich der Benutzer der Website, auf die Website zuzugreifen, indem er neueste Hardware verwendet, keine Viren enth\u00e4lt und einen aktualisierten Browser der neuesten Generation verwendet.<\/p>\n<p>&nbsp;<\/p>\n<h2>6. Geistiges Eigentum und F\u00e4lschungen.<\/h2>\n<p>SAS ABEURA ist Eigent\u00fcmer der geistigen Eigentumsrechte oder Inhaber der Nutzungsrechte an allen auf der Website verf\u00fcgbaren Elementen, einschlie\u00dflich Texten, Bildern, Grafiken, Logos, Symbolen, T\u00f6nen, Software.<\/p>\n<p>Jede Vervielf\u00e4ltigung, Darstellung, \u00c4nderung, Ver\u00f6ffentlichung, Anpassung aller oder eines Teils der Elemente der Website, unabh\u00e4ngig von den verwendeten Mitteln oder Verfahren, ist ohne vorherige schriftliche Genehmigung von: SAS ABEURA verboten.<\/p>\n<p>Jede nicht autorisierte Nutzung der Website oder eines der darin enthaltenen Elemente gilt als F\u00e4lschung und wird gem\u00e4\u00df den Bestimmungen der Artikel L.335-2 ff. des Gesetzes \u00fcber geistiges Eigentum verfolgt.<\/p>\n<p>&nbsp;<\/p>\n<h2>7. Haftungsbeschr\u00e4nkungen.<\/h2>\n<p>SAS ABEURA haftet nicht f\u00fcr direkte und indirekte Sch\u00e4den am Material des Benutzers beim Zugriff auf die Website <a href=\"https:\/\/tiloulocation.com\">https:\/\/www.tiloulocation.com,<\/a> die sich aus der Verwendung von Material ergeben, das nicht den unter Punkt 4 genannten Spezifikationen entspricht das Auftreten eines Fehlers oder einer Inkompatibilit\u00e4t.<\/p>\n<p>SAS ABEURA haftet auch nicht f\u00fcr indirekte Sch\u00e4den (z. B. Marktverlust oder Verlust einer Chance) infolge der Nutzung der Website <a href=\"https:\/\/tiloulocation.com\">https:\/\/www.tiloulocation.com.<\/a><\/p>\n<p>Interaktive Bereiche (M\u00f6glichkeit, Fragen in Kontaktformularen zu stellen) stehen den Benutzern zur Verf\u00fcgung. SAS ABEURA beh\u00e4lt sich das Recht vor, ohne vorherige Ank\u00fcndigung Inhalte zu entfernen, die \u00fcber diese Formulare eingereicht werden, die gegen die in Frankreich geltenden Rechtsvorschriften, insbesondere die Datenschutzbestimmungen, versto\u00dfen. Gegebenenfalls beh\u00e4lt sich SAS ABEURA auch die M\u00f6glichkeit vor, die zivil- und\/oder strafrechtliche Haftung des Benutzers in Frage zu stellen, insbesondere im Falle von Nachrichten rassistischer, beleidigender, diffamierender oder pornografischer Natur, unabh\u00e4ngig vom verwendeten Medium (Text, Foto&#8230;).<\/p>\n<p>&nbsp;<\/p>\n<h2>8. Umgang mit Personendaten.<\/h2>\n<p>In Frankreich sind personenbezogene Daten insbesondere durch das Gesetz Nr. 78-87 vom 6. Januar 1978, das Gesetz Nr. 2004-801 vom 6. August 2004, Artikel L. 226-13 des Strafgesetzbuches und die Europ\u00e4ische Richtlinie vom 24. Oktober 1995 gesch\u00fctzt.<\/p>\n<p>Bei der Nutzung der Website kann <a href=\"https:\/\/tiloulocation.com\">https:\/\/www.tiloulocation.com<\/a> erhoben werden: die URL der Links, \u00fcber die der Nutzer auf die Website zugegriffen hat <a href=\"https:\/\/tiloulocation.com\">https:\/\/www.tiloulocation.com<\/a>, der Internetanbieter des Nutzers, die Internetprotokolladresse (IP) des Benutzers.<\/p>\n<p>In jedem Fall sammelt SAS ABEURA pers\u00f6nliche Informationen \u00fcber den Benutzer nur f\u00fcr die Notwendigkeit bestimmter Dienstleistungen, die von der Website angeboten werden <a href=\"https:\/\/tiloulocation.com\">https:\/\/www.tiloulocation.com.<\/a> Der Nutzer stellt diese Informationen in voller Kenntnis der Sachlage zur Verf\u00fcgung, insbesondere wenn er sie selbst eingibt. Dem Benutzer der Website <a href=\"https:\/\/tiloulocation.com\">https:\/\/www.tiloulocation.com<\/a> wird dann mitgeteilt, ob er verpflichtet ist, diese Informationen bereitzustellen.<\/p>\n<p>Gem\u00e4\u00df den Bestimmungen der Artikel 38 ff. des Gesetzes 78-17 vom 6. Januar 1978 \u00fcber Informatik, Dateien und Freiheiten hat jeder Benutzer das Recht auf Zugang, Berichtigung und Widerspruch zu den ihn betreffenden personenbezogenen Daten, den schriftlichen und unterzeichneten Antrag zusammen mit einer Kopie des Identit\u00e4tsnachweises mit Unterschrift des Inhabers des Dokuments und der Anschrift, an die die Antwort zu senden ist.<\/p>\n<p>Keine pers\u00f6nlichen Informationen des Benutzers der Website <a href=\"https:\/\/tiloulocation.com\">https:\/\/www.tiloulocation.com<\/a> werden ohne Wissen des Benutzers ver\u00f6ffentlicht, ausgetauscht, \u00fcbertragen, \u00fcbertragen oder auf einem Medium an Dritte verkauft. Nur die Annahme der \u00dcbernahme von SAS ABEURA und ihrer Rechte w\u00fcrde die \u00dcbermittlung dieser Informationen an den potenziellen K\u00e4ufer erm\u00f6glichen, der seinerseits der gleichen Verpflichtung zur Aufbewahrung und \u00c4nderung der Daten gegen\u00fcber dem Nutzer der Website unterliegt <a href=\"https:\/\/tiloulocation.com\">https:\/\/www.tiloulocation.com.<\/a><\/p>\n<p>Die oben genannte Website wird der CNIL unter der Nummer 2129069 v 0 gemeldet.<\/p>\n<p>Die Datenbanken sind durch das Gesetz vom 1. Juli 1998 zur Umsetzung der Richtlinie 96\/9 vom 11. M\u00e4rz 1996 \u00fcber den Rechtsschutz von Datenbanken gesch\u00fctzt.<\/p>\n<p>&nbsp;<\/p>\n<h2>9. Hyperlinks und Cookies.<\/h2>\n<p>Die Website <a href=\"https:\/\/tiloulocation.com\">https:\/\/www.tiloulocation.com <\/a> enth\u00e4lt eine Reihe von Hyperlinks zu anderen Websites, die mit Genehmigung von SAS ABEURA eingerichtet wurden. SAS ABEURA hat jedoch nicht die M\u00f6glichkeit, den Inhalt der auf diese Weise besuchten Websites zu \u00fcberpr\u00fcfen, und \u00fcbernimmt daher keine Verantwortung daf\u00fcr.<\/p>\n<p>Die Navigation auf der Website <a href=\"https:\/\/tiloulocation.com\">https:\/\/www.tiloulocation.com<\/a> kann dazu f\u00fchren, dass Cookies(s) auf dem Computer des Benutzers installiert werden. Ein Cookie ist eine kleine Datei, die keine Identifizierung des Benutzers erm\u00f6glicht, sondern Informationen \u00fcber die Navigation eines Computers auf einer Website speichert. Die so erhaltenen Daten sollen die sp\u00e4tere Navigation auf der Website erleichtern und auch verschiedene Verkehrsmessungen erm\u00f6glichen.<\/p>\n<p>Die Ablehnung der Installation eines Cookies kann dazu f\u00fchren, dass bestimmte Dienste nicht zug\u00e4nglich sind. Der Benutzer kann seinen Computer jedoch wie folgt konfigurieren, um die Installation von Cookies abzulehnen:<\/p>\n<p>Unter Internet Explorer: Registerkarte Werkzeug (Zahnrad-Symbol oben rechts) \/ Internetoptionen. Klicken Sie auf Datenschutz und w\u00e4hlen Sie Alle Cookies blockieren. Klicken Sie auf Ok.<\/p>\n<p>In Firefox: Klicken Sie oben im Browserfenster auf die Schaltfl\u00e4che Firefox und dann auf die Registerkarte Optionen. Klicken Sie auf die Registerkarte Datenschutz.<br \/>\nLegen Sie die Aufbewahrungsregeln auf fest: Verwenden Sie benutzerdefinierte Einstellungen f\u00fcr den Verlauf. Schlie\u00dflich deaktivieren Sie es, um Cookies zu deaktivieren.<\/p>\n<p>Unter Safari: Klicken Sie oben rechts im Browser auf das Men\u00fcsymbol (symbolisiert durch ein Zahnrad). w\u00e4hlen Sie Einstellungen. Klicken Sie auf Erweiterte Einstellungen anzeigen. Klicken Sie im Abschnitt \u00abDatenschutz\u00bb auf Inhaltseinstellungen. Im Abschnitt \u00abCookies\u00bb k\u00f6nnen Sie Cookies blockieren.<\/p>\n<p>Unter Chrome: Klicken Sie oben rechts im Browser auf das Men\u00fcsymbol (symbolisiert durch drei horizontale Linien). s\u00e9lectionnez Param\u00e8tres. Klicken Sie auf Erweiterte Einstellungen anzeigen. Klicken Sie im Abschnitt \u00abDatenschutz\u00bb auf Einstellungen. Im Tab \u00abDatenschutz\u00bb k\u00f6nnen Sie Cookies blockieren.<\/p>\n<p>&nbsp;<\/p>\n<h2>10. Anwendbares Recht und Gerichtsbarkeit.<\/h2>\n<p>Alle Streitigkeiten im Zusammenhang mit der Nutzung der Website <a href=\"https:\/\/tiloulocation.com\">https:\/\/www.tiloulocation.com<\/a> unterliegen dem franz\u00f6sischen Recht. Die ausschlie\u00dfliche Zust\u00e4ndigkeit liegt bei den zust\u00e4ndigen Gerichten von Paris.<\/p>\n<p>&nbsp;<\/p>\n<h2>11. Die wichtigsten betroffenen Gesetze.<\/h2>\n<p>Gesetz Nr. 78-17 vom 6. Januar 1978, insbesondere ge\u00e4ndert durch das Gesetz Nr. 2004-801 vom 6. August 2004 \u00fcber Informatik, Dateien und Freiheiten.<\/p>\n<p>Gesetz Nr. 2004-575 vom 21. Juni 2004 \u00fcber das Vertrauen in die digitale Wirtschaft.<\/p>\n<p>&nbsp;<\/p>\n<h2>12. Lexikon.<\/h2>\n<p>Benutzer: Benutzer, der sich mit der oben genannten Website anmeldet.<\/p>\n<p>Personenbezogene Daten: \u00abInformationen, die in irgendeiner Form die Identifizierung der nat\u00fcrlichen Personen, auf die sie Anwendung finden, direkt oder indirekt erm\u00f6glichen\u00bb (Artikel 4 des Gesetzes Nr. 78-17 vom 6. Januar 1978).<\/p>\n<\/div>\n<p>&nbsp;<\/p>\n<h2>13. Kompatibilit\u00e4t DSGVO.<\/h2>\n<p><strong>a) Recht auf Unterrichtung.<\/strong><\/p>\n<p>Sie haben das Recht, dar\u00fcber informiert zu werden, wie Ihre personenbezogenen Daten erhoben und verwendet werden, unter <a href=\"https:\/\/www.tiloulocation.com\">https:\/\/www.tiloulocation.com<\/a>\/ Senden Sie uns eine E-Mail &gt;&gt;&gt; info@tiloulocation.com.<\/p>\n<p>Auf dieser Website erfasste Daten: Namen, E-Mail-Adresse, Telefonnummer und Postanschrift.<\/p>\n<p>Die Website ist durch SSL gesch\u00fctzt.<\/p>\n<p><strong>b) Recht auf Zugang.<\/strong><\/p>\n<p>Sie haben das Recht, auf Ihre pers\u00f6nlichen Daten in Form einer elektronischen Kopie zuzugreifen und herunterzuladen, die vom Eigent\u00fcmer der Website kostenlos zur Verf\u00fcgung gestellt wird\/ Senden Sie uns eine E-Mail &gt;&gt;&gt; info@tiloulocation.com.<\/p>\n<p><strong>c) Recht auf Berichtigung.<\/strong><\/p>\n<p>Sie haben die Befugnis, unrichtige personenbezogene Daten zu korrigieren oder zu erg\u00e4nzen, wenn sie nicht vollst\u00e4ndig sind\/ Senden Sie uns eine E-Mail &gt;&gt;&gt; info@tiloulocation.com.<\/p>\n<p><strong>d) Recht auf L\u00f6schung<\/strong><\/p>\n<p>Sie haben das Recht, diese Website jederzeit zu verlassen und die personenbezogenen Daten l\u00f6schen zu lassen\/ Senden Sie uns eine E-Mail &gt;&gt;&gt; info@tiloulocation.com.<\/p>\n<p><strong>e) Recht auf Einschr\u00e4nkung der Verarbeitung.<\/strong><\/p>\n<p>Sie haben jederzeit die M\u00f6glichkeit, die Verarbeitung Ihrer personenbezogenen Daten einzuschr\u00e4nken oder zu l\u00f6schen\/ Senden Sie uns eine E-Mail &gt;&gt;&gt; info@tiloulocation.com.<\/p>\n<p><strong>f) Recht auf Daten\u00fcbertragbarkeit.<\/strong><\/p>\n<p>Sie k\u00f6nnen Ihre pers\u00f6nlichen Daten f\u00fcr Ihre eigenen Bed\u00fcrfnisse herunterladen und wiederverwenden\/ Senden Sie uns eine E-Mail &gt;&gt;&gt; info@tiloulocation.com.<\/p>\n<p><strong>g) Gegenstand des Verfahrens.<\/strong><\/p>\n<p>Sie k\u00f6nnen die Verwendung bestimmter Daten f\u00fcr Direktmarketing oder andere Zwecke verbieten\/ Senden Sie uns eine E-Mail &gt;&gt;&gt; info@tiloulocation.com.<\/p>\n<p><strong>h) Recht auf Unterrichtung \u00fcber Datenschutzverletzungen.<\/strong><\/p>\n<p>Im Falle einer Datenschutzverletzung werden wir die Benutzer innerhalb von 72 Stunden \u00fcber die Kenntnis des Versto\u00dfes\/ per E-Mail \u00fcber info@tiloulocation.com informieren.<\/p>\n<p><strong>i) Rechte im Zusammenhang mit der automatisierten Entscheidungsfindung.<\/strong><\/p>\n<p>Wir verhindern, dass Benutzer ohne die aktive Beteiligung eines Menschen einer Entscheidung unterliegen.<\/p>\n<\/div>\n<\/div>\n<\/div>\n<\/div>\n<\/div>\n<\/div>\n","protected":false},"excerpt":{"rendered":"<p>1.Vorstellung der Website. Diese rechtlichen Hinweise gelten f\u00fcr https:\/\/www.tiloulocation.com, den Hauptdomain-Namen, sowie f\u00fcr alle Subdomain-Sites, wie z.B. https:\/\/www.rental.tiloulocation.com, + den Domainnamen https:\/\/www.conciergeritiloulocation.fr. Gem\u00e4\u00df Artikel 6 des Gesetzes Nr. 2004-575 vom 21. Juni 2004 \u00fcber das Vertrauen in die digitale Wirtschaft wird den Nutzern der Website https:\/\/www.tiloulocation.com die Identit\u00e4t der verschiedenen Akteure im Rahmen der Durchf\u00fchrung [&hellip;]<\/p>\n","protected":false},"author":1,"featured_media":0,"parent":0,"menu_order":0,"comment_status":"closed","ping_status":"closed","template":"","meta":{"_et_pb_use_builder":"","_et_pb_old_content":"","_et_gb_content_width":"","footnotes":""},"class_list":["post-4682","page","type-page","status-publish","hentry"],"yoast_head":"<!-- This site is optimized with the Yoast SEO plugin v23.0 - https:\/\/yoast.com\/wordpress\/plugins\/seo\/ -->\n<title>Erw\u00e4hnt L\u00e9gales - Tilou Lage - Tilou Location Giens<\/title>\n<meta name=\"robots\" content=\"index, follow, max-snippet:-1, max-image-preview:large, max-video-preview:-1\" \/>\n<link rel=\"canonical\" href=\"https:\/\/tiloulocation.com\/de\/erwaehnt-legales-tilou-lage\/\" \/>\n<meta property=\"og:locale\" content=\"de_DE\" \/>\n<meta property=\"og:type\" content=\"article\" \/>\n<meta property=\"og:title\" content=\"Erw\u00e4hnt L\u00e9gales - Tilou Lage - Tilou Location Giens\" \/>\n<meta property=\"og:description\" content=\"1.Vorstellung der Website. Diese rechtlichen Hinweise gelten f\u00fcr https:\/\/www.tiloulocation.com, den Hauptdomain-Namen, sowie f\u00fcr alle Subdomain-Sites, wie z.B. https:\/\/www.rental.tiloulocation.com, + den Domainnamen https:\/\/www.conciergeritiloulocation.fr. Gem\u00e4\u00df Artikel 6 des Gesetzes Nr. 2004-575 vom 21. Juni 2004 \u00fcber das Vertrauen in die digitale Wirtschaft wird den Nutzern der Website https:\/\/www.tiloulocation.com die Identit\u00e4t der verschiedenen Akteure im Rahmen der Durchf\u00fchrung [&hellip;]\" \/>\n<meta property=\"og:url\" content=\"https:\/\/tiloulocation.com\/de\/erwaehnt-legales-tilou-lage\/\" \/>\n<meta property=\"og:site_name\" content=\"Tilou Location Giens\" \/>\n<meta name=\"twitter:card\" content=\"summary_large_image\" \/>\n<meta name=\"twitter:label1\" content=\"Gesch\u00e4tzte Lesezeit\" \/>\n\t<meta name=\"twitter:data1\" content=\"9\u00a0Minuten\" \/>\n<script type=\"application\/ld+json\" class=\"yoast-schema-graph\">{\"@context\":\"https:\/\/schema.org\",\"@graph\":[{\"@type\":\"WebPage\",\"@id\":\"https:\/\/tiloulocation.com\/de\/erwaehnt-legales-tilou-lage\/\",\"url\":\"https:\/\/tiloulocation.com\/de\/erwaehnt-legales-tilou-lage\/\",\"name\":\"Erw\u00e4hnt L\u00e9gales - Tilou Lage - Tilou Location Giens\",\"isPartOf\":{\"@id\":\"https:\/\/tiloulocation.com\/de\/#website\"},\"datePublished\":\"2024-06-28T08:33:31+00:00\",\"dateModified\":\"2024-06-28T08:33:31+00:00\",\"breadcrumb\":{\"@id\":\"https:\/\/tiloulocation.com\/de\/erwaehnt-legales-tilou-lage\/#breadcrumb\"},\"inLanguage\":\"de\",\"potentialAction\":[{\"@type\":\"ReadAction\",\"target\":[\"https:\/\/tiloulocation.com\/de\/erwaehnt-legales-tilou-lage\/\"]}]},{\"@type\":\"BreadcrumbList\",\"@id\":\"https:\/\/tiloulocation.com\/de\/erwaehnt-legales-tilou-lage\/#breadcrumb\",\"itemListElement\":[{\"@type\":\"ListItem\",\"position\":1,\"name\":\"Accueil\",\"item\":\"https:\/\/tiloulocation.com\/de\/\"},{\"@type\":\"ListItem\",\"position\":2,\"name\":\"Erw\u00e4hnt L\u00e9gales &#8211; Tilou Lage\"}]},{\"@type\":\"WebSite\",\"@id\":\"https:\/\/tiloulocation.com\/de\/#website\",\"url\":\"https:\/\/tiloulocation.com\/de\/\",\"name\":\"Tilou Location Giens\",\"description\":\"\",\"potentialAction\":[{\"@type\":\"SearchAction\",\"target\":{\"@type\":\"EntryPoint\",\"urlTemplate\":\"https:\/\/tiloulocation.com\/de\/?s={search_term_string}\"},\"query-input\":\"required name=search_term_string\"}],\"inLanguage\":\"de\"}]}<\/script>\n<!-- \/ Yoast SEO plugin. -->","yoast_head_json":{"title":"Erw\u00e4hnt L\u00e9gales - Tilou Lage - Tilou Location Giens","robots":{"index":"index","follow":"follow","max-snippet":"max-snippet:-1","max-image-preview":"max-image-preview:large","max-video-preview":"max-video-preview:-1"},"canonical":"https:\/\/tiloulocation.com\/de\/erwaehnt-legales-tilou-lage\/","og_locale":"de_DE","og_type":"article","og_title":"Erw\u00e4hnt L\u00e9gales - Tilou Lage - Tilou Location Giens","og_description":"1.Vorstellung der Website. Diese rechtlichen Hinweise gelten f\u00fcr https:\/\/www.tiloulocation.com, den Hauptdomain-Namen, sowie f\u00fcr alle Subdomain-Sites, wie z.B. https:\/\/www.rental.tiloulocation.com, + den Domainnamen https:\/\/www.conciergeritiloulocation.fr. Gem\u00e4\u00df Artikel 6 des Gesetzes Nr. 2004-575 vom 21. Juni 2004 \u00fcber das Vertrauen in die digitale Wirtschaft wird den Nutzern der Website https:\/\/www.tiloulocation.com die Identit\u00e4t der verschiedenen Akteure im Rahmen der Durchf\u00fchrung [&hellip;]","og_url":"https:\/\/tiloulocation.com\/de\/erwaehnt-legales-tilou-lage\/","og_site_name":"Tilou Location Giens","twitter_card":"summary_large_image","twitter_misc":{"Gesch\u00e4tzte Lesezeit":"9\u00a0Minuten"},"schema":{"@context":"https:\/\/schema.org","@graph":[{"@type":"WebPage","@id":"https:\/\/tiloulocation.com\/de\/erwaehnt-legales-tilou-lage\/","url":"https:\/\/tiloulocation.com\/de\/erwaehnt-legales-tilou-lage\/","name":"Erw\u00e4hnt L\u00e9gales - Tilou Lage - Tilou Location Giens","isPartOf":{"@id":"https:\/\/tiloulocation.com\/de\/#website"},"datePublished":"2024-06-28T08:33:31+00:00","dateModified":"2024-06-28T08:33:31+00:00","breadcrumb":{"@id":"https:\/\/tiloulocation.com\/de\/erwaehnt-legales-tilou-lage\/#breadcrumb"},"inLanguage":"de","potentialAction":[{"@type":"ReadAction","target":["https:\/\/tiloulocation.com\/de\/erwaehnt-legales-tilou-lage\/"]}]},{"@type":"BreadcrumbList","@id":"https:\/\/tiloulocation.com\/de\/erwaehnt-legales-tilou-lage\/#breadcrumb","itemListElement":[{"@type":"ListItem","position":1,"name":"Accueil","item":"https:\/\/tiloulocation.com\/de\/"},{"@type":"ListItem","position":2,"name":"Erw\u00e4hnt L\u00e9gales &#8211; Tilou Lage"}]},{"@type":"WebSite","@id":"https:\/\/tiloulocation.com\/de\/#website","url":"https:\/\/tiloulocation.com\/de\/","name":"Tilou Location Giens","description":"","potentialAction":[{"@type":"SearchAction","target":{"@type":"EntryPoint","urlTemplate":"https:\/\/tiloulocation.com\/de\/?s={search_term_string}"},"query-input":"required name=search_term_string"}],"inLanguage":"de"}]}},"_links":{"self":[{"href":"https:\/\/tiloulocation.com\/de\/wp-json\/wp\/v2\/pages\/4682","targetHints":{"allow":["GET"]}}],"collection":[{"href":"https:\/\/tiloulocation.com\/de\/wp-json\/wp\/v2\/pages"}],"about":[{"href":"https:\/\/tiloulocation.com\/de\/wp-json\/wp\/v2\/types\/page"}],"author":[{"embeddable":true,"href":"https:\/\/tiloulocation.com\/de\/wp-json\/wp\/v2\/users\/1"}],"replies":[{"embeddable":true,"href":"https:\/\/tiloulocation.com\/de\/wp-json\/wp\/v2\/comments?post=4682"}],"version-history":[{"count":0,"href":"https:\/\/tiloulocation.com\/de\/wp-json\/wp\/v2\/pages\/4682\/revisions"}],"wp:attachment":[{"href":"https:\/\/tiloulocation.com\/de\/wp-json\/wp\/v2\/media?parent=4682"}],"curies":[{"name":"wp","href":"https:\/\/api.w.org\/{rel}","templated":true}]}}