{"id":4680,"date":"2024-06-28T10:40:08","date_gmt":"2024-06-28T08:40:08","guid":{"rendered":"https:\/\/tiloulocation.com\/allgemeinen-geschaeftsbedingungen\/"},"modified":"2026-04-14T09:29:00","modified_gmt":"2026-04-14T07:29:00","slug":"allgemeinen-geschaeftsbedingungen","status":"publish","type":"page","link":"https:\/\/tiloulocation.com\/de\/allgemeinen-geschaeftsbedingungen\/","title":{"rendered":"Allgemeinen Gesch\u00e4ftsbedingungen"},"content":{"rendered":"<div class=\"thb-section-container thb-skin-dark\">\n<div id=\"main-content\">\n<div class=\"thb-text\">\n<p class=\"p4\">Vielen Dank fu\u0308r Ihr Vertrauen.<\/p>\n<p class=\"p4\">Die Best\u00e4tigung Ihrer Reservierung setzt die vollst\u00e4ndige und uneingeschr\u00e4nkte Annahme der vorliegenden Allgemeinen Verkaufsbedingungen voraus.<\/p>\n<h2 class=\"p4\">1. Buchung &amp; Zahlungsbedingungen<\/h2>\n<p class=\"p4\">Jede Buchung wird wirksam nach Eingang:<\/p>\n<ul>\n<li class=\"p4\">einer Anzahlung in H\u00f6he von 25 % des Gesamtbetrags des Aufenthalts,<\/li>\n<li class=\"p4\">der Bearbeitungsgebu\u0308hren (15 \u20ac, nicht erstattungsf\u00e4hig),<\/li>\n<li class=\"p4\">der Reiseru\u0308cktrittsversicherung (falls abgeschlossen),<\/li>\n<li class=\"p4\">sowie eines Beitrags von 3 \u20ac fu\u0308r die Abfallentsorgung.<\/li>\n<\/ul>\n<p class=\"p4\">Der Restbetrag des Aufenthalts ist sp\u00e4testens 30 Tage vor Ihrer Ankunft zu begleichen.<\/p>\n<h2 class=\"p4\">2. Stornierung<\/h2>\n<p class=\"p4\">Im Falle einer Stornierung bleibt die geleistete Anzahlung einschlie\u00dflich der Bearbeitungsgebu\u0308hren nicht erstattungsf\u00e4hig.<\/p>\n<ul>\n<li class=\"p4\">weniger als 30 Tage vor der Ankunft: 50 % des Aufenthalts sind f\u00e4llig;<\/li>\n<li class=\"p4\">weniger als 7 Tage vorher: 100 % des Aufenthalts sind f\u00e4llig.<\/li>\n<\/ul>\n<p class=\"p4\">Ein begonnener oder verku\u0308rzter Aufenthalt sowie eine versp\u00e4tete Anreise berechtigen zu keiner Ru\u0308ckerstattung.<\/p>\n<h2 class=\"p4\">3. Zustand der Unterkunft<\/h2>\n<p class=\"p4\">Wir legen besonderen Wert auf die Qualit\u00e4t und Sauberkeit unserer Unterku\u0308nfte. Die Unterkunft ist in einem zufriedenstellenden Sauberkeitszustand zuru\u0308ckzugeben, entsprechend dem Zustand, in dem sie Ihnen u\u0308bergeben wurde; insbesondere muss das Geschirr gespu\u0308lt und der Mu\u0308ll entsorgt sein. <\/p>\n<p class=\"p4\">Andernfalls kann eine Reinigungspauschale von 100 \u20ac berechnet werden.<\/p>\n<p class=\"p4\">Werden Sch\u00e4den an der Unterkunft, ihrer Ausstattung oder ihren Einrichtungen festgestellt, k\u00f6nnen ebenfalls zus\u00e4tzliche Kosten in Rechnung gestellt werden.<\/p>\n<p class=\"p4\">Ebenfalls k\u00f6nnen Kosten bei Nichteinhaltung der Hausordnung erhoben werden, insbesondere bei wiederholten und nachgewiesenen L\u00e4rmbel\u00e4stigungen, die von unserem Team festgestellt oder von mehreren G\u00e4sten gemeldet wurden.<\/p>\n<p class=\"p4\">Der Gast wird u\u0308ber jeden berechneten Betrag sowie u\u0308ber die Gru\u0308nde fu\u0308r diese Berechnung auf geeignetem Weg informiert (Telefon, E-Mail oder pers\u00f6nlicher Austausch vor Ort). <\/p>\n<h2 class=\"p5\">4. Organisation Ihres Aufenthalts<\/h2>\n<p class=\"p4\">Apartmentvermietung:<\/p>\n<ul>\n<li class=\"p4\">Anreise: zwischen 16:00 Uhr und 00:00 Uhr<\/li>\n<li class=\"p4\">Abreise: zwischen 9:00 Uhr und 10:00 Uhr<\/li>\n<\/ul>\n<p class=\"p4\">Die Schlu\u0308ssel werden frei zug\u00e4nglich bereitgestellt, damit eine eigenst\u00e4ndige Anreise u\u0308ber einen fu\u0308r jede Unterkunft vorgesehenen Schlu\u0308sselsafe m\u00f6glich ist. Der Zugangscode fu\u0308r diesen Safe wird Ihnen nach Best\u00e4tigung des Aufenthalts u\u0308bermittelt. <\/p>\n<h2 class=\"p4\">5. Mietbedingungen<\/h2>\n<p class=\"p4\">Unsere kleineren Unterku\u0308nfte werden fu\u0308r mindestens 2 N\u00e4chte vermietet, gr\u00f6\u00dfere Unterku\u0308nfte fu\u0308r mindestens 3 N\u00e4chte.<\/p>\n<ul>\n<li class=\"p4\">Die Unterku\u0308nfte sind mit Kissen und Decken ausgestattet. Bei Ihrer Ankunft stellen wir Ihnen au\u00dferdem ein Willkommensset (Schwamm \u2013 WC-Papier \u2013 Mu\u0308llbeutel) in Ihrer Unterkunft bereit. <\/li>\n<li class=\"p4\">Wasser- und Stromverbrauch sind im Mietpreis inbegriffen.<\/li>\n<\/ul>\n<h2 class=\"p4\">6. Kapazit\u00e4t &amp; Belegung<\/h2>\n<p class=\"p4\">Jede Reservierung wird fu\u0308r eine genau festgelegte Personenzahl vorgenommen. Jede falsche Angabe (Identit\u00e4t, Anzahl der Bewohner usw.) fu\u0308hrt zur Stornierung der Reservierung. <\/p>\n<ul>\n<li class=\"p4\"> Bei Mietunterku\u0308nften: Es kann keine zus\u00e4tzliche Person aufgenommen werden, wenn die maximale Kapazit\u00e4t der Unterkunft bereits erreicht ist.<\/li>\n<li class=\"p4\">Haustier: Tiere sind nur nach vorheriger Zustimmung des Betriebs und unter Einhaltung der Hausordnung erlaubt. Fu\u0308r ihre Aufnahme werden 40 \u20ac pro Tier fu\u0308r die gesamte Dauer des Aufenthalts berechnet. Der Gast verpflichtet sich sicherzustellen, dass das Tier keinerlei Bel\u00e4stigung, Sch\u00e4den, Nachbarschaftsst\u00f6rungen oder Sicherheitsprobleme verursacht. Bei Versto\u00df gegen diese Regeln beh\u00e4lt sich der Betrieb das Recht vor, die sofortige Entfernung des Tieres zu verlangen oder den Gast ohne Ru\u0308ckerstattung auszuschlie\u00dfen.   <\/li>\n<\/ul>\n<h2 class=\"p4\">7. Zugang &amp; Parken<\/h2>\n<ul>\n<li class=\"p4\">Das Parken eines einzigen Fahrzeugs ist in Ihrem Aufenthalt inbegriffen.<\/li>\n<li class=\"p4\">Zus\u00e4tzliche Fahrzeuge und Besucher mu\u0308ssen au\u00dferhalb des Grundstu\u0308cks parken (entlang der Stra\u00dfe, die zum Dorf Giens oder ins Ortszentrum fu\u0308hrt).<\/li>\n<\/ul>\n<h2 class=\"p4\">8. Hausordnung &amp; gutes Miteinander<\/h2>\n<p class=\"p4\">Um eine ruhige und angenehme Atmosph\u00e4re fu\u0308r alle zu gew\u00e4hrleisten, bitten wir Sie, unsere Hausordnung zu beachten.<\/p>\n<ul>\n<li class=\"p4\">Wir behalten uns das Recht vor, ohne Voranku\u0308ndigung jede Familie bei unangemessenem Verhalten, Nichteinhaltung der Hausordnung oder L\u00e4rmbel\u00e4stigung auszuschlie\u00dfen.<\/li>\n<\/ul>\n<h2 class=\"p5\">9. Sicherheit &amp; Ausstattung<\/h2>\n<ul>\n<li class=\"p4\">Ausschlie\u00dflich elektrische Plancha-Grills sind erlaubt. Holzkohle-, Gas- oder sonstige Grills sind verboten (gem\u00e4\u00df Pr\u00e4fekturverordnung). Les barbecues \u00e0 charbon, gaz ou autres sont interdits (r\u00e9glementation pr\u00e9fectorale).<\/li>\n<li class=\"p4\">Das Aufladen von Elektrofahrzeugen an den Unterku\u0308nften ist strengstens untersagt. Eine kostenpflichtige Ladestation befindet sich im Dorf Giens (400 m). <\/li>\n<li class=\"p4\">Tilou Locations u\u0308bernimmt keine Haftung bei Verlust, Diebstahl oder Besch\u00e4digung pers\u00f6nlicher Gegenst\u00e4nde. Jeder Gast bleibt w\u00e4hrend seines Aufenthalts fu\u0308r seine Sachen selbst verantwortlich. <\/li>\n<\/ul>\n<h2 class=\"p4\">10. Verpflichtung des Gastes<\/h2>\n<p class=\"p4\">Mit der Best\u00e4tigung seiner Reservierung erkennt der Gast an:<\/p>\n<ul>\n<li class=\"p4\">diese Bedingungen zur Kenntnis genommen zu haben,<\/li>\n<li class=\"p4\">und verpflichtet sich, sie w\u00e4hrend seines Aufenthalts einzuhalten.<\/li>\n<\/ul>\n<p class=\"p4\"><b>Das gesamte Team freut sich, Sie begru\u0308\u00dfen zu du\u0308rfen, und wird alles daransetzen, Ihnen einen angenehmen, erholsamen und hochwertigen Aufenthalt zu bieten. <\/b><b><\/b><\/p>\n<p class=\"p4\"><b>TILOU LOCATIONS \u2013 HALBINSEL GIENS <\/b><\/p>\n<\/div>\n<\/div>\n<\/div>\n","protected":false},"excerpt":{"rendered":"<p>Vielen Dank fu\u0308r Ihr Vertrauen. Die Best\u00e4tigung Ihrer Reservierung setzt die vollst\u00e4ndige und uneingeschr\u00e4nkte Annahme der vorliegenden Allgemeinen Verkaufsbedingungen voraus. 1. Buchung &amp; Zahlungsbedingungen Jede Buchung wird wirksam nach Eingang: einer Anzahlung in H\u00f6he von 25 % des Gesamtbetrags des Aufenthalts, der Bearbeitungsgebu\u0308hren (15 \u20ac, nicht erstattungsf\u00e4hig), der Reiseru\u0308cktrittsversicherung (falls abgeschlossen), sowie eines Beitrags von [&hellip;]<\/p>\n","protected":false},"author":1,"featured_media":4978,"parent":0,"menu_order":0,"comment_status":"closed","ping_status":"closed","template":"","meta":{"_et_pb_use_builder":"","_et_pb_old_content":"","_et_gb_content_width":"","footnotes":""},"class_list":["post-4680","page","type-page","status-publish","has-post-thumbnail","hentry"],"yoast_head":"<!-- This site is optimized with the Yoast SEO plugin v23.0 - https:\/\/yoast.com\/wordpress\/plugins\/seo\/ -->\n<title>Allgemeinen Gesch\u00e4ftsbedingungen - Tilou Location Giens<\/title>\n<meta name=\"robots\" content=\"index, follow, max-snippet:-1, max-image-preview:large, max-video-preview:-1\" \/>\n<link rel=\"canonical\" href=\"https:\/\/tiloulocation.com\/de\/allgemeinen-geschaeftsbedingungen\/\" \/>\n<meta property=\"og:locale\" content=\"de_DE\" \/>\n<meta property=\"og:type\" content=\"article\" \/>\n<meta property=\"og:title\" content=\"Allgemeinen Gesch\u00e4ftsbedingungen - Tilou Location Giens\" \/>\n<meta property=\"og:description\" content=\"Vielen Dank fu\u0308r Ihr Vertrauen. Die Best\u00e4tigung Ihrer Reservierung setzt die vollst\u00e4ndige und uneingeschr\u00e4nkte Annahme der vorliegenden Allgemeinen Verkaufsbedingungen voraus. 1. Buchung &amp; Zahlungsbedingungen Jede Buchung wird wirksam nach Eingang: einer Anzahlung in H\u00f6he von 25 % des Gesamtbetrags des Aufenthalts, der Bearbeitungsgebu\u0308hren (15 \u20ac, nicht erstattungsf\u00e4hig), der Reiseru\u0308cktrittsversicherung (falls abgeschlossen), sowie eines Beitrags von [&hellip;]\" \/>\n<meta property=\"og:url\" content=\"https:\/\/tiloulocation.com\/de\/allgemeinen-geschaeftsbedingungen\/\" \/>\n<meta property=\"og:site_name\" content=\"Tilou Location Giens\" \/>\n<meta property=\"article:modified_time\" content=\"2026-04-14T07:29:00+00:00\" \/>\n<meta property=\"og:image\" content=\"https:\/\/tiloulocation.com\/wp-content\/uploads\/2025\/01\/thumbnail_logo-Tilou-loc-1.png\" \/>\n\t<meta property=\"og:image:width\" content=\"500\" \/>\n\t<meta property=\"og:image:height\" content=\"500\" \/>\n\t<meta property=\"og:image:type\" content=\"image\/png\" \/>\n<meta name=\"twitter:card\" content=\"summary_large_image\" \/>\n<meta name=\"twitter:label1\" content=\"Gesch\u00e4tzte Lesezeit\" \/>\n\t<meta name=\"twitter:data1\" content=\"4\u00a0Minuten\" \/>\n<script type=\"application\/ld+json\" class=\"yoast-schema-graph\">{\"@context\":\"https:\/\/schema.org\",\"@graph\":[{\"@type\":\"WebPage\",\"@id\":\"https:\/\/tiloulocation.com\/de\/allgemeinen-geschaeftsbedingungen\/\",\"url\":\"https:\/\/tiloulocation.com\/de\/allgemeinen-geschaeftsbedingungen\/\",\"name\":\"Allgemeinen Gesch\u00e4ftsbedingungen - Tilou Location Giens\",\"isPartOf\":{\"@id\":\"https:\/\/tiloulocation.com\/de\/#website\"},\"primaryImageOfPage\":{\"@id\":\"https:\/\/tiloulocation.com\/de\/allgemeinen-geschaeftsbedingungen\/#primaryimage\"},\"image\":{\"@id\":\"https:\/\/tiloulocation.com\/de\/allgemeinen-geschaeftsbedingungen\/#primaryimage\"},\"thumbnailUrl\":\"https:\/\/tiloulocation.com\/wp-content\/uploads\/2025\/01\/thumbnail_logo-Tilou-loc-1.png\",\"datePublished\":\"2024-06-28T08:40:08+00:00\",\"dateModified\":\"2026-04-14T07:29:00+00:00\",\"breadcrumb\":{\"@id\":\"https:\/\/tiloulocation.com\/de\/allgemeinen-geschaeftsbedingungen\/#breadcrumb\"},\"inLanguage\":\"de\",\"potentialAction\":[{\"@type\":\"ReadAction\",\"target\":[\"https:\/\/tiloulocation.com\/de\/allgemeinen-geschaeftsbedingungen\/\"]}]},{\"@type\":\"ImageObject\",\"inLanguage\":\"de\",\"@id\":\"https:\/\/tiloulocation.com\/de\/allgemeinen-geschaeftsbedingungen\/#primaryimage\",\"url\":\"https:\/\/tiloulocation.com\/wp-content\/uploads\/2025\/01\/thumbnail_logo-Tilou-loc-1.png\",\"contentUrl\":\"https:\/\/tiloulocation.com\/wp-content\/uploads\/2025\/01\/thumbnail_logo-Tilou-loc-1.png\",\"width\":500,\"height\":500,\"caption\":\"Logo Tilou location\"},{\"@type\":\"BreadcrumbList\",\"@id\":\"https:\/\/tiloulocation.com\/de\/allgemeinen-geschaeftsbedingungen\/#breadcrumb\",\"itemListElement\":[{\"@type\":\"ListItem\",\"position\":1,\"name\":\"Accueil\",\"item\":\"https:\/\/tiloulocation.com\/de\/\"},{\"@type\":\"ListItem\",\"position\":2,\"name\":\"Allgemeinen Gesch\u00e4ftsbedingungen\"}]},{\"@type\":\"WebSite\",\"@id\":\"https:\/\/tiloulocation.com\/de\/#website\",\"url\":\"https:\/\/tiloulocation.com\/de\/\",\"name\":\"Tilou Location Giens\",\"description\":\"\",\"potentialAction\":[{\"@type\":\"SearchAction\",\"target\":{\"@type\":\"EntryPoint\",\"urlTemplate\":\"https:\/\/tiloulocation.com\/de\/?s={search_term_string}\"},\"query-input\":\"required name=search_term_string\"}],\"inLanguage\":\"de\"}]}<\/script>\n<!-- \/ Yoast SEO plugin. -->","yoast_head_json":{"title":"Allgemeinen Gesch\u00e4ftsbedingungen - Tilou Location Giens","robots":{"index":"index","follow":"follow","max-snippet":"max-snippet:-1","max-image-preview":"max-image-preview:large","max-video-preview":"max-video-preview:-1"},"canonical":"https:\/\/tiloulocation.com\/de\/allgemeinen-geschaeftsbedingungen\/","og_locale":"de_DE","og_type":"article","og_title":"Allgemeinen Gesch\u00e4ftsbedingungen - Tilou Location Giens","og_description":"Vielen Dank fu\u0308r Ihr Vertrauen. Die Best\u00e4tigung Ihrer Reservierung setzt die vollst\u00e4ndige und uneingeschr\u00e4nkte Annahme der vorliegenden Allgemeinen Verkaufsbedingungen voraus. 1. Buchung &amp; Zahlungsbedingungen Jede Buchung wird wirksam nach Eingang: einer Anzahlung in H\u00f6he von 25 % des Gesamtbetrags des Aufenthalts, der Bearbeitungsgebu\u0308hren (15 \u20ac, nicht erstattungsf\u00e4hig), der Reiseru\u0308cktrittsversicherung (falls abgeschlossen), sowie eines Beitrags von [&hellip;]","og_url":"https:\/\/tiloulocation.com\/de\/allgemeinen-geschaeftsbedingungen\/","og_site_name":"Tilou Location Giens","article_modified_time":"2026-04-14T07:29:00+00:00","og_image":[{"width":500,"height":500,"url":"https:\/\/tiloulocation.com\/wp-content\/uploads\/2025\/01\/thumbnail_logo-Tilou-loc-1.png","type":"image\/png"}],"twitter_card":"summary_large_image","twitter_misc":{"Gesch\u00e4tzte Lesezeit":"4\u00a0Minuten"},"schema":{"@context":"https:\/\/schema.org","@graph":[{"@type":"WebPage","@id":"https:\/\/tiloulocation.com\/de\/allgemeinen-geschaeftsbedingungen\/","url":"https:\/\/tiloulocation.com\/de\/allgemeinen-geschaeftsbedingungen\/","name":"Allgemeinen Gesch\u00e4ftsbedingungen - Tilou Location Giens","isPartOf":{"@id":"https:\/\/tiloulocation.com\/de\/#website"},"primaryImageOfPage":{"@id":"https:\/\/tiloulocation.com\/de\/allgemeinen-geschaeftsbedingungen\/#primaryimage"},"image":{"@id":"https:\/\/tiloulocation.com\/de\/allgemeinen-geschaeftsbedingungen\/#primaryimage"},"thumbnailUrl":"https:\/\/tiloulocation.com\/wp-content\/uploads\/2025\/01\/thumbnail_logo-Tilou-loc-1.png","datePublished":"2024-06-28T08:40:08+00:00","dateModified":"2026-04-14T07:29:00+00:00","breadcrumb":{"@id":"https:\/\/tiloulocation.com\/de\/allgemeinen-geschaeftsbedingungen\/#breadcrumb"},"inLanguage":"de","potentialAction":[{"@type":"ReadAction","target":["https:\/\/tiloulocation.com\/de\/allgemeinen-geschaeftsbedingungen\/"]}]},{"@type":"ImageObject","inLanguage":"de","@id":"https:\/\/tiloulocation.com\/de\/allgemeinen-geschaeftsbedingungen\/#primaryimage","url":"https:\/\/tiloulocation.com\/wp-content\/uploads\/2025\/01\/thumbnail_logo-Tilou-loc-1.png","contentUrl":"https:\/\/tiloulocation.com\/wp-content\/uploads\/2025\/01\/thumbnail_logo-Tilou-loc-1.png","width":500,"height":500,"caption":"Logo Tilou location"},{"@type":"BreadcrumbList","@id":"https:\/\/tiloulocation.com\/de\/allgemeinen-geschaeftsbedingungen\/#breadcrumb","itemListElement":[{"@type":"ListItem","position":1,"name":"Accueil","item":"https:\/\/tiloulocation.com\/de\/"},{"@type":"ListItem","position":2,"name":"Allgemeinen Gesch\u00e4ftsbedingungen"}]},{"@type":"WebSite","@id":"https:\/\/tiloulocation.com\/de\/#website","url":"https:\/\/tiloulocation.com\/de\/","name":"Tilou Location Giens","description":"","potentialAction":[{"@type":"SearchAction","target":{"@type":"EntryPoint","urlTemplate":"https:\/\/tiloulocation.com\/de\/?s={search_term_string}"},"query-input":"required name=search_term_string"}],"inLanguage":"de"}]}},"_links":{"self":[{"href":"https:\/\/tiloulocation.com\/de\/wp-json\/wp\/v2\/pages\/4680","targetHints":{"allow":["GET"]}}],"collection":[{"href":"https:\/\/tiloulocation.com\/de\/wp-json\/wp\/v2\/pages"}],"about":[{"href":"https:\/\/tiloulocation.com\/de\/wp-json\/wp\/v2\/types\/page"}],"author":[{"embeddable":true,"href":"https:\/\/tiloulocation.com\/de\/wp-json\/wp\/v2\/users\/1"}],"replies":[{"embeddable":true,"href":"https:\/\/tiloulocation.com\/de\/wp-json\/wp\/v2\/comments?post=4680"}],"version-history":[{"count":3,"href":"https:\/\/tiloulocation.com\/de\/wp-json\/wp\/v2\/pages\/4680\/revisions"}],"predecessor-version":[{"id":5293,"href":"https:\/\/tiloulocation.com\/de\/wp-json\/wp\/v2\/pages\/4680\/revisions\/5293"}],"wp:featuredmedia":[{"embeddable":true,"href":"https:\/\/tiloulocation.com\/de\/wp-json\/wp\/v2\/media\/4978"}],"wp:attachment":[{"href":"https:\/\/tiloulocation.com\/de\/wp-json\/wp\/v2\/media?parent=4680"}],"curies":[{"name":"wp","href":"https:\/\/api.w.org\/{rel}","templated":true}]}}