{"id":4679,"date":"2024-06-28T10:48:22","date_gmt":"2024-06-28T08:48:22","guid":{"rendered":"https:\/\/tiloulocation.com\/geschaeftsordnung-tilou-location-giens\/"},"modified":"2025-02-28T10:50:14","modified_gmt":"2025-02-28T09:50:14","slug":"geschaeftsordnung-tilou-location-giens","status":"publish","type":"page","link":"https:\/\/tiloulocation.com\/de\/geschaeftsordnung-tilou-location-giens\/","title":{"rendered":"Gesch\u00e4ftsordnung Tilou Location Giens"},"content":{"rendered":"<p><strong>Die Einhaltung der Hausordnung ist obligatorisch.<\/strong><br \/>\n<strong>Die Nichteinhaltung dieser Regeln kann zu Strafen f\u00fchren, wie z. B. Abz\u00fcge von der Kaution.<\/strong><\/p>\n<h2>1\/ ALLGEMEINE BEDINGUNGEN<\/h2>\n<p>Alle G\u00e4ste und Besucher m\u00fcssen sich w\u00e4hrend ihres Aufenthalts an die Hausordnung und alle anderen Anweisungen halten, die von den Verwaltern der Immobilie \u00abTilou Locations\u00bb erteilt werden.<br \/>\nEine Bestandsaufnahme wird vor der Ankunft des Kunden durch uns und bei der Abreise des Kunden durchgef\u00fchrt.<br \/>\nDie Gastgeber m\u00fcssen die Manager so schnell wie m\u00f6glich \u00fcber Vorf\u00e4lle oder Nachbarschaftsbeschwerden informieren.<\/p>\n<h2>2\/ L\u00c4RM UND NACHBARSCHAFT<\/h2>\n<p>Die Gastgeber und Besucher sind unter allen Umst\u00e4nden f\u00fcr die Sicherheit ihrer Kinder sowie f\u00fcr alle St\u00f6rungen in der Nachbarschaft verantwortlich.<br \/>\nDie Gastgeber und Besucher m\u00fcssen so wenig L\u00e4rm wie m\u00f6glich machen, um andere Mieter und benachbarte Immobilien nicht zu st\u00f6ren, vor allem in der Nacht von 23.00 bis 08.00 Uhr sowie bei An- und Abreise.<br \/>\nL\u00e4rmbel\u00e4stigung ist zu jeder Zeit verboten und kann zur K\u00fcndigung des Mietvertrags, zur Ausweisung, zum Verlust der entstandenen Kosten sowie zur Einbehaltung der Kaution f\u00fchren.<br \/>\nDie Gastgeber und ihre potenziellen Besucher sollten sich nicht asozial verhalten.<br \/>\nSie werden gebeten, ihre unmittelbaren Auswirkungen auf die Nachbarschaft und die Bewohner des Viertels zu minimieren.<\/p>\n<h2>3\/ BESUCHER<\/h2>\n<p>Besucher k\u00f6nnen unsere Mieter besuchen, wenn sie au\u00dferhalb der Immobilie parken. Es gibt Parkpl\u00e4tze, wenn Sie die Stra\u00dfe nach Giens hinauffahren, die nur 500 m von der Villa entfernt ist.<br \/>\nDie Gastgeber m\u00fcssen daf\u00fcr sorgen, dass sich ihre Besucher an die Regeln halten.<br \/>\nWenn Besucher \u00fcber Nacht in die Unterkunft kommen und dort schlafen, m\u00fcssen Sie uns dar\u00fcber informieren und die entsprechende Kurtaxe zahlen.<\/p>\n<h2>4\/ FETEN UND EREIGNISSE<\/h2>\n<p>Es ist strengstens verboten, Partys oder andere Arten von Versammlungen in der Immobilie zu organisieren.<br \/>\nJede Zusammenkunft in einem kleinen Ausschuss muss unter Beachtung der anderen in dieser Verordnung festgelegten Regeln stattfinden, insbesondere in Bezug auf L\u00e4rm und Nachbarschaft.<\/p>\n<h2>5\/ PARKPLATZ<\/h2>\n<p>Jede Wohnung hat nur einen Parkplatz auf dem Grundst\u00fcck. Diese ist komplett eingez\u00e4unt und unter Video\u00fcberwachung. Der Eingang der Immobilie erfolgt \u00fcber ein automatisiertes Tor. Wir werden Ihnen den Code und die Fernbedienung f\u00fcr diesen bei Ihrer Ankunft \u00fcbermitteln.<br \/>\nBesucher m\u00fcssen im Freien parken, um unsere Gastgeber zu besuchen.<\/p>\n<h2>6 \/ HAUSM\u00dcLL<\/h2>\n<p>Die G\u00e4ste sind verpflichtet, ihren M\u00fcll in den daf\u00fcr vorgesehenen Containern am Eingang des Grundst\u00fccks zu entsorgen.<br \/>\nBei Ihrer Abreise bitten wir Sie, alle M\u00fclleimer in Ihrer Unterkunft zu leeren.<\/p>\n<h2>7\/ ABFAHRT- ANKUNFT<\/h2>\n<p>Am Tag Ihrer Ankunft k\u00f6nnen Sie Ihre Miete ab 16 Uhr in Besitz nehmen.<br \/>\nAm Abreisetag m\u00fcssen Sie die Miete um 10 Uhr zur\u00fcckgeben. Die Reinigung der Unterkunft ist im Preis inbegriffen.<br \/>\nWir bitten Sie am Tag Ihrer Abreise, den K\u00fchlschrank auf 0 zu stellen, die Fenster zu schlie\u00dfen, die Klimaanlage auszuschalten, Ihre gebrauchte W\u00e4sche zusammenzulegen und die M\u00fclleimer zu leeren, um die Unterkunft zu schonen.<\/p>\n<h2>8\/ TABAK<\/h2>\n<p>Das Rauchen in den Innenr\u00e4umen ist den G\u00e4sten nicht gestattet. Auf den Terrassen stehen den Mietern Aschenbecher zur Verf\u00fcgung. Bitte entsorgen Sie Ihre Zigarettenstummel am Tag der Abreise in den M\u00fclleimern.<br \/>\nDie Nichtbeachtung dieser Regel f\u00fchrt zu einem Abzug von der Kaution.<\/p>\n<h2>9\/ HAUSTIERE<\/h2>\n<p>Unsere Freunde Haustiere sind auf dem Grundst\u00fcck erlaubt, wenn sie geimpft und an der Leine gehalten werden.<br \/>\nWir bitten Sie, darauf zu achten, dass Ihr Haustier keine L\u00e4rmbel\u00e4stigung in der Nachbarschaft verursacht.<br \/>\nJede Verschlechterung oder Nichteinhaltung dieser Klausel kann zu einem Abzug von der Kaution f\u00fchren.<\/p>\n<h2>10\/ BRUCH UND SCH\u00c4DEN<\/h2>\n<p>Zerbrochene Gegenst\u00e4nde und verursachte Sch\u00e4den m\u00fcssen den Eigent\u00fcmern der Immobilie so schnell wie m\u00f6glich gemeldet werden, die Nichtmeldung kann zu einem Einbehalt auf der Kaution f\u00fchren.<\/p>\n<h2>11\/ EINHALTUNG DER VERORDNUNG<\/h2>\n<p>Der Versto\u00df gegen eine in dieser Hausordnung enthaltene Regel stellt einen Versto\u00df gegen die Allgemeinen Bedingungen der Belegung gem\u00e4\u00df dem Mietvertrag dar.<br \/>\nDie Verwalter und Eigent\u00fcmer behalten sich das Recht vor, die Nutzungserlaubnis zu k\u00fcndigen und jeden Gast, der sich weigert, die Hausordnung einzuhalten oder Nachbarn oder Bewohner der Gemeinde zu st\u00f6ren, von der Ferienimmobilie zu verweisen.<\/p>\n<h2>12\/ ABWICKLUNGSBEDINGUNG<\/h2>\n<p>Die Zahlung eines jeden Aufenthalts muss in voller H\u00f6he beim Betreten der R\u00e4umlichkeiten erfolgen. Im Falle einer Verl\u00e4ngerung oder der Buchung eines neuen Aufenthalts muss der urspr\u00fcngliche Aufenthalt unbedingt vor der Best\u00e4tigung bezahlt werden. Andernfalls wird die Verl\u00e4ngerung oder der neue Aufenthalt automatisch storniert.  <\/p>\n<h2>KOORDINATEN F\u00dcR DEN NOTFALL:<\/h2>\n<p>Im Falle eines Notfalls im Zusammenhang mit dem Saisonmietobjekt ist Ihre Kontaktstelle:<br \/>\nDOUBLIER Tom : 06 36 51 73 81<br \/>\nHERBOMEL Maxime : 06 66 71 11 35<br \/>\nCOULOMB Aurore : 06 46 16 18 00<br \/>\nCOULOMB Coralie : 06 27 03 54 17<\/p>\n<p>&nbsp;<\/p>\n<p>SAS ABEURA AU CAPITAL DE 1000\u20ac<br \/>\n1737 route de la madrague \u2013 83400 Giens<br \/>\nSIREN : 924814452<\/p>\n","protected":false},"excerpt":{"rendered":"<p>Die Einhaltung der Hausordnung ist obligatorisch. Die Nichteinhaltung dieser Regeln kann zu Strafen f\u00fchren, wie z. B. Abz\u00fcge von der Kaution. 1\/ ALLGEMEINE BEDINGUNGEN Alle G\u00e4ste und Besucher m\u00fcssen sich w\u00e4hrend ihres Aufenthalts an die Hausordnung und alle anderen Anweisungen halten, die von den Verwaltern der Immobilie \u00abTilou Locations\u00bb erteilt werden. Eine Bestandsaufnahme wird vor [&hellip;]<\/p>\n","protected":false},"author":1,"featured_media":4978,"parent":0,"menu_order":0,"comment_status":"closed","ping_status":"closed","template":"","meta":{"_et_pb_use_builder":"","_et_pb_old_content":"","_et_gb_content_width":"","footnotes":""},"class_list":["post-4679","page","type-page","status-publish","has-post-thumbnail","hentry"],"yoast_head":"<!-- This site is optimized with the Yoast SEO plugin v23.0 - https:\/\/yoast.com\/wordpress\/plugins\/seo\/ -->\n<title>Gesch\u00e4ftsordnung Tilou Location Giens - Tilou Location Giens<\/title>\n<meta name=\"robots\" content=\"index, follow, max-snippet:-1, max-image-preview:large, max-video-preview:-1\" \/>\n<link rel=\"canonical\" href=\"https:\/\/tiloulocation.com\/de\/geschaeftsordnung-tilou-location-giens\/\" \/>\n<meta property=\"og:locale\" content=\"de_DE\" \/>\n<meta property=\"og:type\" content=\"article\" \/>\n<meta property=\"og:title\" content=\"Gesch\u00e4ftsordnung Tilou Location Giens - Tilou Location Giens\" \/>\n<meta property=\"og:description\" content=\"Die Einhaltung der Hausordnung ist obligatorisch. Die Nichteinhaltung dieser Regeln kann zu Strafen f\u00fchren, wie z. B. Abz\u00fcge von der Kaution. 1\/ ALLGEMEINE BEDINGUNGEN Alle G\u00e4ste und Besucher m\u00fcssen sich w\u00e4hrend ihres Aufenthalts an die Hausordnung und alle anderen Anweisungen halten, die von den Verwaltern der Immobilie \u00abTilou Locations\u00bb erteilt werden. Eine Bestandsaufnahme wird vor [&hellip;]\" \/>\n<meta property=\"og:url\" content=\"https:\/\/tiloulocation.com\/de\/geschaeftsordnung-tilou-location-giens\/\" \/>\n<meta property=\"og:site_name\" content=\"Tilou Location Giens\" \/>\n<meta property=\"article:modified_time\" content=\"2025-02-28T09:50:14+00:00\" \/>\n<meta property=\"og:image\" content=\"https:\/\/tiloulocation.com\/wp-content\/uploads\/2025\/01\/thumbnail_logo-Tilou-loc-1.png\" \/>\n\t<meta property=\"og:image:width\" content=\"500\" \/>\n\t<meta property=\"og:image:height\" content=\"500\" \/>\n\t<meta property=\"og:image:type\" content=\"image\/png\" \/>\n<meta name=\"twitter:card\" content=\"summary_large_image\" \/>\n<meta name=\"twitter:label1\" content=\"Gesch\u00e4tzte Lesezeit\" \/>\n\t<meta name=\"twitter:data1\" content=\"4\u00a0Minuten\" \/>\n<script type=\"application\/ld+json\" class=\"yoast-schema-graph\">{\"@context\":\"https:\/\/schema.org\",\"@graph\":[{\"@type\":\"WebPage\",\"@id\":\"https:\/\/tiloulocation.com\/de\/geschaeftsordnung-tilou-location-giens\/\",\"url\":\"https:\/\/tiloulocation.com\/de\/geschaeftsordnung-tilou-location-giens\/\",\"name\":\"Gesch\u00e4ftsordnung Tilou Location Giens - Tilou Location Giens\",\"isPartOf\":{\"@id\":\"https:\/\/tiloulocation.com\/de\/#website\"},\"primaryImageOfPage\":{\"@id\":\"https:\/\/tiloulocation.com\/de\/geschaeftsordnung-tilou-location-giens\/#primaryimage\"},\"image\":{\"@id\":\"https:\/\/tiloulocation.com\/de\/geschaeftsordnung-tilou-location-giens\/#primaryimage\"},\"thumbnailUrl\":\"https:\/\/tiloulocation.com\/wp-content\/uploads\/2025\/01\/thumbnail_logo-Tilou-loc-1.png\",\"datePublished\":\"2024-06-28T08:48:22+00:00\",\"dateModified\":\"2025-02-28T09:50:14+00:00\",\"breadcrumb\":{\"@id\":\"https:\/\/tiloulocation.com\/de\/geschaeftsordnung-tilou-location-giens\/#breadcrumb\"},\"inLanguage\":\"de\",\"potentialAction\":[{\"@type\":\"ReadAction\",\"target\":[\"https:\/\/tiloulocation.com\/de\/geschaeftsordnung-tilou-location-giens\/\"]}]},{\"@type\":\"ImageObject\",\"inLanguage\":\"de\",\"@id\":\"https:\/\/tiloulocation.com\/de\/geschaeftsordnung-tilou-location-giens\/#primaryimage\",\"url\":\"https:\/\/tiloulocation.com\/wp-content\/uploads\/2025\/01\/thumbnail_logo-Tilou-loc-1.png\",\"contentUrl\":\"https:\/\/tiloulocation.com\/wp-content\/uploads\/2025\/01\/thumbnail_logo-Tilou-loc-1.png\",\"width\":500,\"height\":500,\"caption\":\"Logo Tilou location\"},{\"@type\":\"BreadcrumbList\",\"@id\":\"https:\/\/tiloulocation.com\/de\/geschaeftsordnung-tilou-location-giens\/#breadcrumb\",\"itemListElement\":[{\"@type\":\"ListItem\",\"position\":1,\"name\":\"Accueil\",\"item\":\"https:\/\/tiloulocation.com\/de\/\"},{\"@type\":\"ListItem\",\"position\":2,\"name\":\"Gesch\u00e4ftsordnung Tilou Location Giens\"}]},{\"@type\":\"WebSite\",\"@id\":\"https:\/\/tiloulocation.com\/de\/#website\",\"url\":\"https:\/\/tiloulocation.com\/de\/\",\"name\":\"Tilou Location Giens\",\"description\":\"\",\"potentialAction\":[{\"@type\":\"SearchAction\",\"target\":{\"@type\":\"EntryPoint\",\"urlTemplate\":\"https:\/\/tiloulocation.com\/de\/?s={search_term_string}\"},\"query-input\":\"required name=search_term_string\"}],\"inLanguage\":\"de\"}]}<\/script>\n<!-- \/ Yoast SEO plugin. -->","yoast_head_json":{"title":"Gesch\u00e4ftsordnung Tilou Location Giens - Tilou Location Giens","robots":{"index":"index","follow":"follow","max-snippet":"max-snippet:-1","max-image-preview":"max-image-preview:large","max-video-preview":"max-video-preview:-1"},"canonical":"https:\/\/tiloulocation.com\/de\/geschaeftsordnung-tilou-location-giens\/","og_locale":"de_DE","og_type":"article","og_title":"Gesch\u00e4ftsordnung Tilou Location Giens - Tilou Location Giens","og_description":"Die Einhaltung der Hausordnung ist obligatorisch. Die Nichteinhaltung dieser Regeln kann zu Strafen f\u00fchren, wie z. B. Abz\u00fcge von der Kaution. 1\/ ALLGEMEINE BEDINGUNGEN Alle G\u00e4ste und Besucher m\u00fcssen sich w\u00e4hrend ihres Aufenthalts an die Hausordnung und alle anderen Anweisungen halten, die von den Verwaltern der Immobilie \u00abTilou Locations\u00bb erteilt werden. Eine Bestandsaufnahme wird vor [&hellip;]","og_url":"https:\/\/tiloulocation.com\/de\/geschaeftsordnung-tilou-location-giens\/","og_site_name":"Tilou Location Giens","article_modified_time":"2025-02-28T09:50:14+00:00","og_image":[{"width":500,"height":500,"url":"https:\/\/tiloulocation.com\/wp-content\/uploads\/2025\/01\/thumbnail_logo-Tilou-loc-1.png","type":"image\/png"}],"twitter_card":"summary_large_image","twitter_misc":{"Gesch\u00e4tzte Lesezeit":"4\u00a0Minuten"},"schema":{"@context":"https:\/\/schema.org","@graph":[{"@type":"WebPage","@id":"https:\/\/tiloulocation.com\/de\/geschaeftsordnung-tilou-location-giens\/","url":"https:\/\/tiloulocation.com\/de\/geschaeftsordnung-tilou-location-giens\/","name":"Gesch\u00e4ftsordnung Tilou Location Giens - Tilou Location Giens","isPartOf":{"@id":"https:\/\/tiloulocation.com\/de\/#website"},"primaryImageOfPage":{"@id":"https:\/\/tiloulocation.com\/de\/geschaeftsordnung-tilou-location-giens\/#primaryimage"},"image":{"@id":"https:\/\/tiloulocation.com\/de\/geschaeftsordnung-tilou-location-giens\/#primaryimage"},"thumbnailUrl":"https:\/\/tiloulocation.com\/wp-content\/uploads\/2025\/01\/thumbnail_logo-Tilou-loc-1.png","datePublished":"2024-06-28T08:48:22+00:00","dateModified":"2025-02-28T09:50:14+00:00","breadcrumb":{"@id":"https:\/\/tiloulocation.com\/de\/geschaeftsordnung-tilou-location-giens\/#breadcrumb"},"inLanguage":"de","potentialAction":[{"@type":"ReadAction","target":["https:\/\/tiloulocation.com\/de\/geschaeftsordnung-tilou-location-giens\/"]}]},{"@type":"ImageObject","inLanguage":"de","@id":"https:\/\/tiloulocation.com\/de\/geschaeftsordnung-tilou-location-giens\/#primaryimage","url":"https:\/\/tiloulocation.com\/wp-content\/uploads\/2025\/01\/thumbnail_logo-Tilou-loc-1.png","contentUrl":"https:\/\/tiloulocation.com\/wp-content\/uploads\/2025\/01\/thumbnail_logo-Tilou-loc-1.png","width":500,"height":500,"caption":"Logo Tilou location"},{"@type":"BreadcrumbList","@id":"https:\/\/tiloulocation.com\/de\/geschaeftsordnung-tilou-location-giens\/#breadcrumb","itemListElement":[{"@type":"ListItem","position":1,"name":"Accueil","item":"https:\/\/tiloulocation.com\/de\/"},{"@type":"ListItem","position":2,"name":"Gesch\u00e4ftsordnung Tilou Location Giens"}]},{"@type":"WebSite","@id":"https:\/\/tiloulocation.com\/de\/#website","url":"https:\/\/tiloulocation.com\/de\/","name":"Tilou Location Giens","description":"","potentialAction":[{"@type":"SearchAction","target":{"@type":"EntryPoint","urlTemplate":"https:\/\/tiloulocation.com\/de\/?s={search_term_string}"},"query-input":"required name=search_term_string"}],"inLanguage":"de"}]}},"_links":{"self":[{"href":"https:\/\/tiloulocation.com\/de\/wp-json\/wp\/v2\/pages\/4679","targetHints":{"allow":["GET"]}}],"collection":[{"href":"https:\/\/tiloulocation.com\/de\/wp-json\/wp\/v2\/pages"}],"about":[{"href":"https:\/\/tiloulocation.com\/de\/wp-json\/wp\/v2\/types\/page"}],"author":[{"embeddable":true,"href":"https:\/\/tiloulocation.com\/de\/wp-json\/wp\/v2\/users\/1"}],"replies":[{"embeddable":true,"href":"https:\/\/tiloulocation.com\/de\/wp-json\/wp\/v2\/comments?post=4679"}],"version-history":[{"count":1,"href":"https:\/\/tiloulocation.com\/de\/wp-json\/wp\/v2\/pages\/4679\/revisions"}],"predecessor-version":[{"id":5049,"href":"https:\/\/tiloulocation.com\/de\/wp-json\/wp\/v2\/pages\/4679\/revisions\/5049"}],"wp:featuredmedia":[{"embeddable":true,"href":"https:\/\/tiloulocation.com\/de\/wp-json\/wp\/v2\/media\/4978"}],"wp:attachment":[{"href":"https:\/\/tiloulocation.com\/de\/wp-json\/wp\/v2\/media?parent=4679"}],"curies":[{"name":"wp","href":"https:\/\/api.w.org\/{rel}","templated":true}]}}